{"id":1288,"date":"2021-06-04T05:28:04","date_gmt":"2021-06-04T05:28:04","guid":{"rendered":"https:\/\/www.dj-raupi.de\/?page_id=1288"},"modified":"2023-07-28T08:13:42","modified_gmt":"2023-07-28T08:13:42","slug":"stream-record","status":"publish","type":"page","link":"https:\/\/www.dj-raupi.de\/?page_id=1288","title":{"rendered":"Stream &#038; Record"},"content":{"rendered":"<p style=\"text-align: center;\">Stream &amp; Record, was ist das ?<\/p>\n<p style=\"text-align: center;\">Du spielst mit dem Gedanken Freunde oder Bekannte die nicht zu deiner Party kommen k\u00f6nnen trotzdem daran teilnehmen zu lassen,<br \/>\ndann nutze die M\u00f6glichkeit deine Party live zu streamen.<\/p>\n<p style=\"text-align: center;\"><a href=\"https:\/\/www.facebook.com\/dirk.raupach\" target=\"_blank\" rel=\"noopener\"><img loading=\"lazy\" decoding=\"async\" class=\"aligncenter wp-image-1298 size-medium\" src=\"https:\/\/www.dj-raupi.de\/wp-content\/uploads\/2021\/06\/Facebook_New_Logo-300x113.png\" alt=\"\" width=\"300\" height=\"113\" \/><\/a><a href=\"https:\/\/www.youtube.com\/channel\/UCor_IBss1pKwyTZq6tWmLaw\" target=\"_blank\" rel=\"noopener\"><img loading=\"lazy\" decoding=\"async\" class=\"aligncenter wp-image-1302 size-medium\" src=\"https:\/\/www.dj-raupi.de\/wp-content\/uploads\/2021\/06\/YouTube-Logo-300x169.png\" alt=\"\" width=\"300\" height=\"169\" \/><\/a><a href=\"https:\/\/www.twitch.tv\/djraupi\" target=\"_blank\" rel=\"noopener\"><img loading=\"lazy\" decoding=\"async\" class=\"aligncenter wp-image-1312 size-medium\" src=\"https:\/\/www.dj-raupi.de\/wp-content\/uploads\/2021\/06\/Twitch_dj-raupi-300x141.jpg\" alt=\"\" width=\"300\" height=\"141\" srcset=\"https:\/\/www.dj-raupi.de\/wp-content\/uploads\/2021\/06\/Twitch_dj-raupi-300x141.jpg 300w, https:\/\/www.dj-raupi.de\/wp-content\/uploads\/2021\/06\/Twitch_dj-raupi-768x360.jpg 768w, https:\/\/www.dj-raupi.de\/wp-content\/uploads\/2021\/06\/Twitch_dj-raupi.jpg 886w\" sizes=\"(max-width: 300px) 100vw, 300px\" \/><\/a><br \/>\nund andere diverse Portale bieten heut zu Tage die M\u00f6glichkeit dazu.<br \/>\nZeitgleich kann man das Ganze aufzuzeichnen um sich dann im Nachgang ein Video mit den besten Passagen der Party<br \/>\nzusammen zu schneiden.<\/p>\n<p style=\"text-align: center;\">Es besteht die M\u00f6glichkeit die Party aus Mehreren Kamaraperspektiven zu filmen um ein sch\u00f6nes Gesamtbild der Party zu bekommen.<\/p>\n<p style=\"text-align: center;\">        <style>\r\n            #player1286{\r\n                max-width: 100%;\r\n                margin: 0 auto;\r\n            }\r\n                    <\/style>\r\n        <div>\r\n            <div id=\"player1286\">\r\n                <div class=\"plyr__video-embed embed-container\" id=\"player\">\r\n                    <iframe\r\n                        src=\"https:\/\/www.youtube.com\/embed\/https:\/\/www.youtube.com\/watch?v=g4eXGBoOfQo&t=12s \"\r\n                        allowfullscreen\r\n                        allowtransparency\r\n                        allow=\"autoplay\"\r\n                    ><\/iframe>\r\n                <\/div>\r\n                <script type=\"text\/javascript\">\r\n                    const player1286 = new Plyr('#player1286 #player', {\r\n                        controls:[\"play-large\",\"play\",\"duration\",\"mute\",\"volume\"],\r\n                        youtube: { noCookie: false, rel: 0, showinfo: 0, iv_load_policy: 3, modestbranding: 1, start: 0} \/\/pro \r\n                    });\r\n                <\/script>\r\n            <\/div>\r\n        <\/div>\r\n        <\/p>\n<p style=\"text-align: center;\">Hast Du Fragen, dann sprich mich einfach an und informiere dich!<\/p>\n<p style=\"text-align: center;\">oder schaue es dir an!<\/p>\n<p style=\"text-align: center;\">        <style>\r\n            #player1326{\r\n                max-width: 100%;\r\n                margin: 0 auto;\r\n            }\r\n                    <\/style>\r\n        <div>\r\n            <div id=\"player1326\">\r\n                <div class=\"plyr__video-embed embed-container\" id=\"player\">\r\n                    <iframe\r\n                        src=\"https:\/\/www.youtube.com\/embed\/https:\/\/youtu.be\/7RP7EwrDU-g\"\r\n                        allowfullscreen\r\n                        allowtransparency\r\n                        allow=\"autoplay\"\r\n                    ><\/iframe>\r\n                <\/div>\r\n                <script type=\"text\/javascript\">\r\n                    const player1326 = new Plyr('#player1326 #player', {\r\n                        controls:[\"play-large\",\"play\",\"progress\",\"duration\",\"mute\",\"volume\",\"settings\",\"fullscreen\"],\r\n                        youtube: { noCookie: false, rel: 0, showinfo: 0, iv_load_policy: 3, modestbranding: 1, start: 0} \/\/pro \r\n                    });\r\n                <\/script>\r\n            <\/div>\r\n        <\/div>\r\n        <\/p>\n<p style=\"text-align: center;\">        <style>\r\n            #player1331{\r\n                max-width: 100%;\r\n                margin: 0 auto;\r\n            }\r\n                    <\/style>\r\n        <div>\r\n            <div id=\"player1331\">\r\n                <div class=\"plyr__video-embed embed-container\" id=\"player\">\r\n                    <iframe\r\n                        src=\"https:\/\/www.youtube.com\/embed\/https:\/\/youtu.be\/TEqqGi4ZAcs\"\r\n                        allowfullscreen\r\n                        allowtransparency\r\n                        allow=\"autoplay\"\r\n                    ><\/iframe>\r\n                <\/div>\r\n                <script type=\"text\/javascript\">\r\n                    const player1331 = new Plyr('#player1331 #player', {\r\n                        controls:[\"play-large\",\"play\",\"progress\",\"duration\",\"mute\",\"volume\",\"settings\",\"fullscreen\"],\r\n                        youtube: { noCookie: false, rel: 0, showinfo: 0, iv_load_policy: 3, modestbranding: 1, start: 0} \/\/pro \r\n                    });\r\n                <\/script>\r\n            <\/div>\r\n        <\/div>\r\n        <\/p>\n<p style=\"text-align: center;\"><strong>Eine Erinnerung ist nicht nur ein Foto !<\/strong><\/p>\n<p style=\"text-align: center;\">Nutze die Neue Funktion der VideoBox um Gr\u00fc\u00dfe zu \u00fcbermitteln, Statements abzugeben oder<br \/>\nverkleide dich und hab etwas Spa\u00df vor der Kamara und generiere deine eigene Videobotschaft.<\/p>\n<p style=\"text-align: center;\">        <style>\r\n            #player1357{\r\n                max-width: 100%;\r\n                margin: 0 auto;\r\n            }\r\n                    <\/style>\r\n        <div>\r\n            <div id=\"player1357\">\r\n                <div class=\"plyr__video-embed embed-container\" id=\"player\">\r\n                    <iframe\r\n                        src=\"https:\/\/www.youtube.com\/embed\/https:\/\/youtu.be\/k-papYOdc2U\"\r\n                        allowfullscreen\r\n                        allowtransparency\r\n                        allow=\"autoplay\"\r\n                    ><\/iframe>\r\n                <\/div>\r\n                <script type=\"text\/javascript\">\r\n                    const player1357 = new Plyr('#player1357 #player', {\r\n                        controls:[\"play-large\",\"play\",\"progress\",\"duration\",\"mute\",\"volume\",\"settings\",\"fullscreen\"],\r\n                        youtube: { noCookie: false, rel: 0, showinfo: 0, iv_load_policy: 3, modestbranding: 1, start: 0} \/\/pro \r\n                    });\r\n                <\/script>\r\n            <\/div>\r\n        <\/div>\r\n        <\/p>\n","protected":false},"excerpt":{"rendered":"<p>Stream &amp; Record, was ist das ? Du spielst mit dem Gedanken Freunde oder Bekannte die nicht zu deiner Party kommen k\u00f6nnen trotzdem daran teilnehmen zu lassen, dann nutze die M\u00f6glichkeit deine Party live zu streamen. und andere diverse Portale bieten heut zu Tage die M\u00f6glichkeit dazu. Zeitgleich kann man das Ganze aufzuzeichnen um sich dann im Nachgang ein Video mit den besten Passagen der Party zusammen zu schneiden. Es besteht die M\u00f6glichkeit die Party aus Mehreren Kamaraperspektiven zu filmen um ein sch\u00f6nes Gesamtbild der Party zu bekommen. Hast Du Fragen, dann sprich mich einfach an und informiere dich! oder schaue es dir an! Eine Erinnerung ist nicht nur ein Foto ! Nutze die Neue Funktion der VideoBox um Gr\u00fc\u00dfe zu \u00fcbermitteln, Statements abzugeben oder verkleide dich und hab etwas Spa\u00df vor der Kamara und generiere deine eigene Videobotschaft.<\/p>\n","protected":false},"author":1,"featured_media":0,"parent":0,"menu_order":0,"comment_status":"closed","ping_status":"closed","template":"","meta":{"footnotes":""},"_links":{"self":[{"href":"https:\/\/www.dj-raupi.de\/index.php?rest_route=\/wp\/v2\/pages\/1288"}],"collection":[{"href":"https:\/\/www.dj-raupi.de\/index.php?rest_route=\/wp\/v2\/pages"}],"about":[{"href":"https:\/\/www.dj-raupi.de\/index.php?rest_route=\/wp\/v2\/types\/page"}],"author":[{"embeddable":true,"href":"https:\/\/www.dj-raupi.de\/index.php?rest_route=\/wp\/v2\/users\/1"}],"replies":[{"embeddable":true,"href":"https:\/\/www.dj-raupi.de\/index.php?rest_route=%2Fwp%2Fv2%2Fcomments&post=1288"}],"version-history":[{"count":28,"href":"https:\/\/www.dj-raupi.de\/index.php?rest_route=\/wp\/v2\/pages\/1288\/revisions"}],"predecessor-version":[{"id":1429,"href":"https:\/\/www.dj-raupi.de\/index.php?rest_route=\/wp\/v2\/pages\/1288\/revisions\/1429"}],"wp:attachment":[{"href":"https:\/\/www.dj-raupi.de\/index.php?rest_route=%2Fwp%2Fv2%2Fmedia&parent=1288"}],"curies":[{"name":"wp","href":"https:\/\/api.w.org\/{rel}","templated":true}]}}