{"id":1318,"date":"2021-06-25T05:33:24","date_gmt":"2021-06-25T05:33:24","guid":{"rendered":"https:\/\/www.dj-raupi.de\/?page_id=1318"},"modified":"2024-04-09T08:29:01","modified_gmt":"2024-04-09T08:29:01","slug":"musik-downloads","status":"publish","type":"page","link":"https:\/\/www.dj-raupi.de\/?page_id=1318","title":{"rendered":"Musik &#038; Download&#8217;s"},"content":{"rendered":"<p style=\"text-align: center;\">wer es aus diversen Gr\u00fcnden nicht geschafft hat<br \/>\nan der \u00dc30 Party im Amo teilzunehmen<br \/>\nhat hier die M\u00f6glichkeit dazu !<br \/>\n\u00fcber 6 Stunden !<br \/>\n<a href=\"https:\/\/www.dropbox.com\/scl\/fi\/gmk84u4fuioaffppuyxwx\/30-Amo-April-2024-Mix-dj-Raupi.mp3?rlkey=77wucq2kw8w0jkfju7yvb6pfc&amp;dl=0\" target=\"_blank\" rel=\"noopener\"><img loading=\"lazy\" decoding=\"async\" class=\"aligncenter wp-image-1438 size-medium\" src=\"https:\/\/www.dj-raupi.de\/wp-content\/uploads\/2024\/04\/Amo-2024-300x165.jpg\" alt=\"\" width=\"300\" height=\"165\" srcset=\"https:\/\/www.dj-raupi.de\/wp-content\/uploads\/2024\/04\/Amo-2024-300x165.jpg 300w, https:\/\/www.dj-raupi.de\/wp-content\/uploads\/2024\/04\/Amo-2024-1024x564.jpg 1024w, https:\/\/www.dj-raupi.de\/wp-content\/uploads\/2024\/04\/Amo-2024-768x423.jpg 768w, https:\/\/www.dj-raupi.de\/wp-content\/uploads\/2024\/04\/Amo-2024-1140x627.jpg 1140w, https:\/\/www.dj-raupi.de\/wp-content\/uploads\/2024\/04\/Amo-2024.jpg 1499w\" sizes=\"(max-width: 300px) 100vw, 300px\" \/><\/a><br \/>\nwer aus diversen Gr\u00fcnden nicht geschafft hat<br \/>\nan der ersten \u00dc30 Party im Amo nach der Pandemie teilzunehmen<br \/>\nhat hier die M\u00f6glichkeit dazu !<br \/>\n\u00fcber 6 Stunden !<\/p>\n<p><a href=\"https:\/\/www.dropbox.com\/s\/ki0ijn186jqd8hm\/%C3%9C30-Amo%20April%202022%20-%20mix%20dj-raupi.mp3?dl=0\" target=\"_blank\" rel=\"noopener\"><img loading=\"lazy\" decoding=\"async\" class=\"size-medium wp-image-1397 aligncenter\" src=\"https:\/\/www.dj-raupi.de\/wp-content\/uploads\/2022\/04\/20220409_225155-300x142.jpg\" alt=\"\u00dc30 Amo April 2022\" width=\"300\" height=\"142\" srcset=\"https:\/\/www.dj-raupi.de\/wp-content\/uploads\/2022\/04\/20220409_225155-300x142.jpg 300w, https:\/\/www.dj-raupi.de\/wp-content\/uploads\/2022\/04\/20220409_225155-1024x485.jpg 1024w, https:\/\/www.dj-raupi.de\/wp-content\/uploads\/2022\/04\/20220409_225155-768x363.jpg 768w, https:\/\/www.dj-raupi.de\/wp-content\/uploads\/2022\/04\/20220409_225155-1536x727.jpg 1536w, https:\/\/www.dj-raupi.de\/wp-content\/uploads\/2022\/04\/20220409_225155-2048x969.jpg 2048w, https:\/\/www.dj-raupi.de\/wp-content\/uploads\/2022\/04\/20220409_225155-1140x539.jpg 1140w\" sizes=\"(max-width: 300px) 100vw, 300px\" \/><\/a><\/p>\n<p style=\"text-align: center;\">auch wir haben in Zeiten von Corona mal etwas versucht!<\/p>\n<p style=\"text-align: center;\">Das Corona Mai Set 2020 gibt es hier zum h\u00f6ren<\/p>\n<p style=\"text-align: center;\"><a href=\"https:\/\/www.dropbox.com\/s\/3n8v7xi3zwm5qgj\/dj-raupi%20-%20Tanz%20in%20den%20Corona%20Mai%202020.mp3?dl=0\" target=\"_blank\" rel=\"noopener noreferrer\"><img loading=\"lazy\" decoding=\"async\" class=\"size-medium wp-image-1244 aligncenter\" src=\"http:\/\/dj-raupi.de\/wp-content\/uploads\/2020\/05\/Play-Musik-300x225.gif\" alt=\"\" width=\"300\" height=\"225\" srcset=\"https:\/\/www.dj-raupi.de\/wp-content\/uploads\/2020\/05\/Play-Musik-300x225.gif 300w, https:\/\/www.dj-raupi.de\/wp-content\/uploads\/2020\/05\/Play-Musik-768x576.gif 768w\" sizes=\"(max-width: 300px) 100vw, 300px\" \/><\/a><\/p>\n<p style=\"text-align: center;\">oder zum Download !<\/p>\n<p style=\"text-align: center;\"><strong>Play Musik<br \/>\n<\/strong><\/p>\n<p style=\"text-align: center;\">Du konntest nicht dabei sein&#8230;<br \/>\ndann kannst du hier dir den Abend nochmal anh\u00f6ren<\/p>\n<p style=\"text-align: center;\"><a href=\"https:\/\/www.dropbox.com\/s\/jdg6650wsv3anij\/XPlode_2019_10_26.mp3?dl=0\">X-Plode \u00dc30<\/a><a href=\"https:\/\/www.dropbox.com\/s\/jdg6650wsv3anij\/XPlode_2019_10_26.mp3?dl=0\"><img loading=\"lazy\" decoding=\"async\" class=\"size-medium wp-image-1160 aligncenter\" src=\"http:\/\/dj-raupi.de\/wp-content\/uploads\/2019\/08\/Zeitreise-2019-300x168.jpg\" alt=\"\" width=\"300\" height=\"168\" srcset=\"https:\/\/www.dj-raupi.de\/wp-content\/uploads\/2019\/08\/Zeitreise-2019-300x168.jpg 300w, https:\/\/www.dj-raupi.de\/wp-content\/uploads\/2019\/08\/Zeitreise-2019-768x431.jpg 768w, https:\/\/www.dj-raupi.de\/wp-content\/uploads\/2019\/08\/Zeitreise-2019-1024x574.jpg 1024w, https:\/\/www.dj-raupi.de\/wp-content\/uploads\/2019\/08\/Zeitreise-2019-450x250.jpg 450w, https:\/\/www.dj-raupi.de\/wp-content\/uploads\/2019\/08\/Zeitreise-2019-1140x639.jpg 1140w, https:\/\/www.dj-raupi.de\/wp-content\/uploads\/2019\/08\/Zeitreise-2019.jpg 1200w\" sizes=\"(max-width: 300px) 100vw, 300px\" \/><\/a><\/p>\n<p style=\"text-align: center;\">zum Direkt-Download aus der Dropbox<\/p>\n<p style=\"text-align: center;\"><a href=\"https:\/\/www.dropbox.com\/scl\/fi\/pksrmoonlrf83qv8uhchx\/alpha-house-31-mix-dj-raupi.mp3?rlkey=w39myicysfn8w7fuxtznfbdo9&amp;dl=0\" target=\"_blank\" rel=\"noopener\" data-wplink-edit=\"true\">alpha-house 31 &#8211; mix dj-raupi.de<\/a><\/p>\n<p style=\"text-align: center;\"><a href=\"https:\/\/www.dropbox.com\/s\/mqcd4xajydj8fq0\/alpha-house%2030%20-%20mix%20dj-raupi.mp3?dl=0\">alpha-house 30 &#8211; mix dj-raupi.de<\/a><\/p>\n<p style=\"text-align: center;\"><a href=\"https:\/\/www.dropbox.com\/s\/ek2kes9cohw0e36\/alpha-house%2029%20-%20mix%20dj-raupi.mp3?dl=0\">alpha-house 29 &#8211; mix dj-raupi.de<\/a><\/p>\n<p style=\"text-align: center;\"><a href=\"https:\/\/www.dropbox.com\/s\/optork7nrjwpuhw\/alpha-house%2028%20-%20mix%20dj-raupi.mp3?dl=0\">alpha-house 28 &#8211; mix dj-raupi.de<\/a><\/p>\n<p style=\"text-align: center;\"><a href=\"https:\/\/www.dropbox.com\/s\/zwepd9kubwlvj4c\/alpha-house%2027%20-%20mix%20dj-raupi.mp3?dl=0\">alpha-house 27 &#8211; mix dj-raupi.de<\/a><\/p>\n<p style=\"text-align: center;\"><a href=\"https:\/\/www.dropbox.com\/s\/l4gd9vj0xmqkur9\/alpha-house%2026%20-%20mix%20dj-raupi.mp3?dl=0\" target=\"_blank\" rel=\"noopener\">alpha-house 26 &#8211; mix dj-raupi.de<\/a><\/p>\n<p style=\"text-align: center;\"><a href=\"https:\/\/www.dropbox.com\/s\/cbzou43ntcai9v9\/alpha-house%2025%20-%20mix%20dj-raupi.mp3?dl=0\" target=\"_blank\" rel=\"noopener\">alpha-house 25 &#8211; mix dj-raupi.de<\/a><\/p>\n<p style=\"text-align: center;\"><a href=\"https:\/\/www.dropbox.com\/s\/vuspm8uu7ioxqai\/alpha-house%2024%20-%20mix%20dj-raupi.mp3?dl=0\" target=\"_blank\" rel=\"noopener\">alpha-house 24 &#8211; mix dj-raupi.de<\/a><\/p>\n<p style=\"text-align: center;\"><a href=\"https:\/\/www.dropbox.com\/s\/89agn0b8yhjp9ey\/alpha-house%2023%20-%20mix%20dj-raupi.mp3?dl=0\">alpha-house 23 &#8211; mix dj-raupi.de<\/a><\/p>\n<p style=\"text-align: center;\"><a href=\"https:\/\/www.dropbox.com\/s\/o3amvvgyc7yrol5\/alpha-house%2022%20-%20mix%20dj-raupi.mp3?dl=0\" target=\"_blank\" rel=\"noopener\">alpha-house 22 &#8211; mix dj-raupi.de<\/a><\/p>\n<p style=\"text-align: center;\"><a href=\"https:\/\/www.dropbox.com\/s\/emovyw1604e058w\/alpha-house%2021%20-%20mix%20dj-raupi.mp3?dl=0\">alpha-house 21 &#8211; mix dj-raupi.de<\/a><\/p>\n<p style=\"text-align: center;\"><a href=\"https:\/\/www.dropbox.com\/s\/93apnuwh5kdd7pk\/alpha-house%2020%20-%20mix%20dj-raupi.mp3?dl=0\" target=\"_blank\" rel=\"noopener\">alpha-house 20 &#8211; mix dj-raupi.de<\/a><\/p>\n<p style=\"text-align: center;\"><a href=\"https:\/\/www.dropbox.com\/s\/0w0onn8w9r90t6m\/alpha-house%2019%20-%20mix%20dj-raupi.mp3?dl=0\" target=\"_blank\" rel=\"noopener\">alpha-house 19 &#8211; mix dj-raupi.de<\/a><\/p>\n<p style=\"text-align: center;\"><a href=\"https:\/\/www.dropbox.com\/s\/yu3nn9qe8spfjcl\/alpha-house%2018%20-%20mix%20dj-raupi.mp3?dl=0\" target=\"_blank\" rel=\"noopener\">alpha-house 18 &#8211; mix dj-raupi.de<\/a><\/p>\n<p style=\"text-align: center;\"><strong>April 2019, \u00dc30 im AMO! Ein Muss !!<br \/>\n<\/strong>du konntest nicht dabei sein ! dann hast du hier die<br \/>\nM\u00f6glichkeit es dir noch einmal anzuh\u00f6ren !<br \/>\n<a href=\"https:\/\/www.dropbox.com\/s\/7m71c7athr2ppsp\/Amo%20April%202019%20-%20Mix%20dj-Raupi.mp3?dl=0\"><strong>Mix dj-Raupi<\/strong><\/a><\/p>\n","protected":false},"excerpt":{"rendered":"<p>wer es aus diversen Gr\u00fcnden nicht geschafft hat an der \u00dc30 Party im Amo teilzunehmen hat hier die M\u00f6glichkeit dazu ! \u00fcber 6 Stunden ! wer aus diversen Gr\u00fcnden nicht geschafft hat an der ersten \u00dc30 Party im Amo nach der Pandemie teilzunehmen hat hier die M\u00f6glichkeit dazu ! \u00fcber 6 Stunden ! auch wir haben in Zeiten von Corona mal etwas versucht! Das Corona Mai Set 2020 gibt es hier zum h\u00f6ren oder zum Download ! Play Musik Du konntest nicht dabei sein&#8230; dann kannst du hier dir den Abend nochmal anh\u00f6ren X-Plode \u00dc30 zum Direkt-Download aus der Dropbox alpha-house 31 &#8211; mix dj-raupi.de alpha-house 30 &#8211; mix dj-raupi.de alpha-house 29 &#8211; mix dj-raupi.de alpha-house 28 &#8211; mix dj-raupi.de alpha-house 27 &#8211; mix dj-raupi.de alpha-house 26 &#8211; mix dj-raupi.de alpha-house 25 &#8211; mix dj-raupi.de alpha-house 24 &#8211; mix dj-raupi.de alpha-house 23 &#8211; mix dj-raupi.de alpha-house 22 &#8211; mix dj-raupi.de alpha-house 21 &#8211; mix dj-raupi.de alpha-house 20 &#8211; mix dj-raupi.de alpha-house 19 &#8211; mix dj-raupi.de alpha-house 18 &#8211; mix dj-raupi.de April 2019, \u00dc30 im AMO! Ein Muss !! du konntest nicht dabei sein ! dann hast du hier die M\u00f6glichkeit es dir noch einmal anzuh\u00f6ren ! Mix dj-Raupi<\/p>\n","protected":false},"author":1,"featured_media":0,"parent":0,"menu_order":0,"comment_status":"closed","ping_status":"closed","template":"","meta":{"footnotes":""},"_links":{"self":[{"href":"https:\/\/www.dj-raupi.de\/index.php?rest_route=\/wp\/v2\/pages\/1318"}],"collection":[{"href":"https:\/\/www.dj-raupi.de\/index.php?rest_route=\/wp\/v2\/pages"}],"about":[{"href":"https:\/\/www.dj-raupi.de\/index.php?rest_route=\/wp\/v2\/types\/page"}],"author":[{"embeddable":true,"href":"https:\/\/www.dj-raupi.de\/index.php?rest_route=\/wp\/v2\/users\/1"}],"replies":[{"embeddable":true,"href":"https:\/\/www.dj-raupi.de\/index.php?rest_route=%2Fwp%2Fv2%2Fcomments&post=1318"}],"version-history":[{"count":17,"href":"https:\/\/www.dj-raupi.de\/index.php?rest_route=\/wp\/v2\/pages\/1318\/revisions"}],"predecessor-version":[{"id":1447,"href":"https:\/\/www.dj-raupi.de\/index.php?rest_route=\/wp\/v2\/pages\/1318\/revisions\/1447"}],"wp:attachment":[{"href":"https:\/\/www.dj-raupi.de\/index.php?rest_route=%2Fwp%2Fv2%2Fmedia&parent=1318"}],"curies":[{"name":"wp","href":"https:\/\/api.w.org\/{rel}","templated":true}]}}