{"id":1366,"date":"2021-09-29T06:57:11","date_gmt":"2021-09-29T06:57:11","guid":{"rendered":"https:\/\/www.dj-raupi.de\/?page_id=1366"},"modified":"2021-09-29T06:57:11","modified_gmt":"2021-09-29T06:57:11","slug":"bulli-fotobox","status":"publish","type":"page","link":"https:\/\/www.dj-raupi.de\/?page_id=1366","title":{"rendered":"Bulli Fotobox"},"content":{"rendered":"<p style=\"text-align: center;\"><strong>Happy Moments<\/strong><br \/>\n<a href=\"https:\/\/bulli-fotobox.com\/\" target=\"_blank\" rel=\"noopener\"><img loading=\"lazy\" decoding=\"async\" class=\"aligncenter size-medium wp-image-1367\" src=\"https:\/\/www.dj-raupi.de\/wp-content\/uploads\/2021\/09\/cropped-Bulli-Logo-294x300.png\" alt=\"Die Bulli Fotobox\" width=\"294\" height=\"300\" srcset=\"https:\/\/www.dj-raupi.de\/wp-content\/uploads\/2021\/09\/cropped-Bulli-Logo-294x300.png 294w, https:\/\/www.dj-raupi.de\/wp-content\/uploads\/2021\/09\/cropped-Bulli-Logo-1003x1024.png 1003w, https:\/\/www.dj-raupi.de\/wp-content\/uploads\/2021\/09\/cropped-Bulli-Logo-768x784.png 768w, https:\/\/www.dj-raupi.de\/wp-content\/uploads\/2021\/09\/cropped-Bulli-Logo-1140x1163.png 1140w, https:\/\/www.dj-raupi.de\/wp-content\/uploads\/2021\/09\/cropped-Bulli-Logo.png 1222w\" sizes=\"(max-width: 294px) 100vw, 294px\" \/><\/a><br \/>\nonce in a lifetime<\/p>\n<p style=\"text-align: center;\">Ob Firmenfeier, Messen, Tag der offenen T\u00fcr oder die private Hochzeit. Unser kleines Wunder auf<br \/>\n4 R\u00e4dern verspr\u00fcht mit seinen 54 Jahre auf dem Buckel Nostalgie, Freiheit, Spa\u00df und gute Laune. So einzigartig wie der Bulli, sind auch die Bilder die Ihr mit der eingebauten Fotobox schie\u00dft. Er ist der perfekte Unterhalter f\u00fcr Jung und Alt, ob schon lang bekannt, frisch verliebt oder noch ganz fremd, hier werden alle Herzen im Sturm erobert.<\/p>\n","protected":false},"excerpt":{"rendered":"<p>Happy Moments once in a lifetime Ob Firmenfeier, Messen, Tag der offenen T\u00fcr oder die private Hochzeit. Unser kleines Wunder auf 4 R\u00e4dern verspr\u00fcht mit seinen 54 Jahre auf dem Buckel Nostalgie, Freiheit, Spa\u00df und gute Laune. So einzigartig wie der Bulli, sind auch die Bilder die Ihr mit der eingebauten Fotobox schie\u00dft. Er ist der perfekte Unterhalter f\u00fcr Jung und Alt, ob schon lang bekannt, frisch verliebt oder noch ganz fremd, hier werden alle Herzen im Sturm erobert.<\/p>\n","protected":false},"author":1,"featured_media":0,"parent":0,"menu_order":0,"comment_status":"closed","ping_status":"closed","template":"","meta":{"footnotes":""},"_links":{"self":[{"href":"https:\/\/www.dj-raupi.de\/index.php?rest_route=\/wp\/v2\/pages\/1366"}],"collection":[{"href":"https:\/\/www.dj-raupi.de\/index.php?rest_route=\/wp\/v2\/pages"}],"about":[{"href":"https:\/\/www.dj-raupi.de\/index.php?rest_route=\/wp\/v2\/types\/page"}],"author":[{"embeddable":true,"href":"https:\/\/www.dj-raupi.de\/index.php?rest_route=\/wp\/v2\/users\/1"}],"replies":[{"embeddable":true,"href":"https:\/\/www.dj-raupi.de\/index.php?rest_route=%2Fwp%2Fv2%2Fcomments&post=1366"}],"version-history":[{"count":2,"href":"https:\/\/www.dj-raupi.de\/index.php?rest_route=\/wp\/v2\/pages\/1366\/revisions"}],"predecessor-version":[{"id":1369,"href":"https:\/\/www.dj-raupi.de\/index.php?rest_route=\/wp\/v2\/pages\/1366\/revisions\/1369"}],"wp:attachment":[{"href":"https:\/\/www.dj-raupi.de\/index.php?rest_route=%2Fwp%2Fv2%2Fmedia&parent=1366"}],"curies":[{"name":"wp","href":"https:\/\/api.w.org\/{rel}","templated":true}]}}