{"id":162,"date":"2018-08-01T11:17:16","date_gmt":"2018-08-01T11:17:16","guid":{"rendered":"http:\/\/dj-raupi.de\/?page_id=162"},"modified":"2024-04-09T08:30:42","modified_gmt":"2024-04-09T08:30:42","slug":"https-dj-raupi-de","status":"publish","type":"page","link":"https:\/\/www.dj-raupi.de\/","title":{"rendered":"Willkommen auf der Homepage von Dj-Raupi"},"content":{"rendered":"<p style=\"text-align: center;\">Mein Name ist Dirk Raupach<strong><br \/>\n<\/strong><\/p>\n<p><a href=\"http:\/\/dj-raupi.de\/wp-content\/uploads\/2018\/02\/dj-hh.jpg\"><img loading=\"lazy\" decoding=\"async\" class=\" wp-image-42 aligncenter\" src=\"http:\/\/dj-raupi.de\/wp-content\/uploads\/2018\/02\/dj-hh-300x212.jpg\" alt=\"\" width=\"493\" height=\"348\" srcset=\"https:\/\/www.dj-raupi.de\/wp-content\/uploads\/2018\/02\/dj-hh-300x212.jpg 300w, https:\/\/www.dj-raupi.de\/wp-content\/uploads\/2018\/02\/dj-hh-768x542.jpg 768w, https:\/\/www.dj-raupi.de\/wp-content\/uploads\/2018\/02\/dj-hh.jpg 800w\" sizes=\"(max-width: 493px) 100vw, 493px\" \/><\/a><\/p>\n<p style=\"text-align: center;\">sie suchen musikalische Unterst\u00fctzung f\u00fcr ihre Party, ihr Jubil\u00e4um,<br \/>\nihrer Firmenfeier, Traumhochzeit oder andere Event&#8217;s?<\/p>\n<p style=\"text-align: center;\">Dann nehmen Sie mit mir Kontakt auf,<br \/>\n<em><strong>denn es gibt immer einen Grund zu Feiern !<\/strong><\/em><\/p>\n<h3 style=\"text-align: center;\"><a href=\"https:\/\/www.dj-raupi.de\/?page_id=1310\">klick hier um zu den Veranstaltungen zu gelangen!<\/a><\/h3>\n<p style=\"text-align: center;\"><em>Mach <strong>deine Party<\/strong> zu etwas ganz besonderem.<\/em><\/p>\n<p style=\"text-align: center;\"><em>Jettzt Neu <strong>!<\/strong><br \/>\n<strong>Streame deine Party zus\u00e4tzlich live auf<\/strong> <strong>Youtube, Facebook, Twitch oder Realstream.<br \/>\n<\/strong>Auf Wunsch<strong> zeichnen auch gern deine Party auch auf, <\/strong>so dass du dir mit Freunden<strong><br \/>\n<\/strong><\/em>sp\u00e4ter die Party immer nochmal ansehen kannst!<\/p>\n<p style=\"text-align: center;\">        <style>\r\n            #player1286{\r\n                max-width: 100%;\r\n                margin: 0 auto;\r\n            }\r\n                    <\/style>\r\n        <div>\r\n            <div id=\"player1286\">\r\n                <div class=\"plyr__video-embed embed-container\" id=\"player\">\r\n                    <iframe\r\n                        src=\"https:\/\/www.youtube.com\/embed\/https:\/\/www.youtube.com\/watch?v=g4eXGBoOfQo&t=12s \"\r\n                        allowfullscreen\r\n                        allowtransparency\r\n                        allow=\"autoplay\"\r\n                    ><\/iframe>\r\n                <\/div>\r\n                <script type=\"text\/javascript\">\r\n                    const player1286 = new Plyr('#player1286 #player', {\r\n                        controls:[\"play-large\",\"play\",\"duration\",\"mute\",\"volume\"],\r\n                        youtube: { noCookie: false, rel: 0, showinfo: 0, iv_load_policy: 3, modestbranding: 1, start: 0} \/\/pro \r\n                    });\r\n                <\/script>\r\n            <\/div>\r\n        <\/div>\r\n        <\/p>\n<p style=\"text-align: center;\"><strong>Play Musik<br \/>\n<\/strong>Live Mitschnitt der ersten \u00dc30 Party<br \/>\nim AMO nach der Pandemie<br \/>\nim April 2022<strong><br \/>\n<\/strong>6,5 Stunden aus dem Club Floor<\/p>\n<p><a href=\"https:\/\/www.dropbox.com\/s\/ki0ijn186jqd8hm\/%C3%9C30-Amo%20April%202022%20-%20mix%20dj-raupi.mp3?dl=0\" target=\"_blank\" rel=\"noopener\"><img loading=\"lazy\" decoding=\"async\" class=\"size-medium wp-image-1397 aligncenter\" src=\"https:\/\/www.dj-raupi.de\/wp-content\/uploads\/2022\/04\/20220409_225155-300x142.jpg\" alt=\"\u00dc30 Amo April 2022\" width=\"300\" height=\"142\" srcset=\"https:\/\/www.dj-raupi.de\/wp-content\/uploads\/2022\/04\/20220409_225155-300x142.jpg 300w, https:\/\/www.dj-raupi.de\/wp-content\/uploads\/2022\/04\/20220409_225155-1024x485.jpg 1024w, https:\/\/www.dj-raupi.de\/wp-content\/uploads\/2022\/04\/20220409_225155-768x363.jpg 768w, https:\/\/www.dj-raupi.de\/wp-content\/uploads\/2022\/04\/20220409_225155-1536x727.jpg 1536w, https:\/\/www.dj-raupi.de\/wp-content\/uploads\/2022\/04\/20220409_225155-2048x969.jpg 2048w, https:\/\/www.dj-raupi.de\/wp-content\/uploads\/2022\/04\/20220409_225155-1140x539.jpg 1140w\" sizes=\"(max-width: 300px) 100vw, 300px\" \/><\/a><\/p>\n<p style=\"text-align: center;\"><strong>Play Musik<\/strong><\/p>\n<p style=\"text-align: center;\">alpha-house 30, mix dj-raupi 2022<\/p>\n<p style=\"text-align: center;\"><iframe loading=\"lazy\" src=\"https:\/\/w.soundcloud.com\/player\/?url=https%3A\/\/soundcloud.com\/alpha-house\/alpha-house-30-mix-dj-raupi?si=c217a135ac0b47319b0b805be321acd8&amp;utm_source=clipboard&amp;utm_medium=text&amp;utm_campaign=social_sharing&amp;auto_play=false&amp;hide_related=false&amp;show_comments=true&amp;show_user=false&amp;show_reposts=false&amp;visual=true\" width=\"100%\" height=\"auto\" frameborder=\"no\" scrolling=\"no\"><\/iframe><\/p>\n<h3 class=\"r\" style=\"text-align: center;\"><a href=\"https:\/\/www.dj-raupi.de\/?page_id=1318\">Mehr Musik &amp; Downloads<\/a><br \/>\ngibt es <a href=\"https:\/\/www.dj-raupi.de\/?page_id=1318\">hier<\/a>!<\/h3>\n","protected":false},"excerpt":{"rendered":"<p>Mein Name ist Dirk Raupach sie suchen musikalische Unterst\u00fctzung f\u00fcr ihre Party, ihr Jubil\u00e4um, ihrer Firmenfeier, Traumhochzeit oder andere Event&#8217;s? Dann nehmen Sie mit mir Kontakt auf, denn es gibt immer einen Grund zu Feiern ! klick hier um zu den Veranstaltungen zu gelangen! Mach deine Party zu etwas ganz besonderem. Jettzt Neu ! Streame deine Party zus\u00e4tzlich live auf Youtube, Facebook, Twitch oder Realstream. Auf Wunsch zeichnen auch gern deine Party auch auf, so dass du dir mit Freunden sp\u00e4ter die Party immer nochmal ansehen kannst! Play Musik Live Mitschnitt der ersten \u00dc30 Party im AMO nach der Pandemie im April 2022 6,5 Stunden aus dem Club Floor Play Musik alpha-house 30, mix dj-raupi 2022 Mehr Musik &amp; Downloads gibt es hier!<\/p>\n","protected":false},"author":1,"featured_media":0,"parent":0,"menu_order":1,"comment_status":"closed","ping_status":"closed","template":"","meta":{"footnotes":""},"_links":{"self":[{"href":"https:\/\/www.dj-raupi.de\/index.php?rest_route=\/wp\/v2\/pages\/162"}],"collection":[{"href":"https:\/\/www.dj-raupi.de\/index.php?rest_route=\/wp\/v2\/pages"}],"about":[{"href":"https:\/\/www.dj-raupi.de\/index.php?rest_route=\/wp\/v2\/types\/page"}],"author":[{"embeddable":true,"href":"https:\/\/www.dj-raupi.de\/index.php?rest_route=\/wp\/v2\/users\/1"}],"replies":[{"embeddable":true,"href":"https:\/\/www.dj-raupi.de\/index.php?rest_route=%2Fwp%2Fv2%2Fcomments&post=162"}],"version-history":[{"count":135,"href":"https:\/\/www.dj-raupi.de\/index.php?rest_route=\/wp\/v2\/pages\/162\/revisions"}],"predecessor-version":[{"id":1448,"href":"https:\/\/www.dj-raupi.de\/index.php?rest_route=\/wp\/v2\/pages\/162\/revisions\/1448"}],"wp:attachment":[{"href":"https:\/\/www.dj-raupi.de\/index.php?rest_route=%2Fwp%2Fv2%2Fmedia&parent=162"}],"curies":[{"name":"wp","href":"https:\/\/api.w.org\/{rel}","templated":true}]}}