{"id":676,"date":"2018-02-07T19:35:50","date_gmt":"2018-02-07T19:35:50","guid":{"rendered":"http:\/\/dj-raupi.de\/?page_id=676"},"modified":"2021-06-25T04:57:10","modified_gmt":"2021-06-25T04:57:10","slug":"biographie","status":"publish","type":"page","link":"https:\/\/www.dj-raupi.de\/?page_id=676","title":{"rendered":"Biographie"},"content":{"rendered":"<p>Ich bin Dirk Raupach aus Haldensleben.<br \/>\nDie ersten Schuldisco&#8217;s im Rahmen von Klassenfeiern durfte ich bespielen, so fing alles an.<br \/>\nDanach der Einstieg bei der Disco &#8222;Rubin&#8220; u. &#8222;Musicboutique&#8220;als Springer und Aushilfe.<\/p>\n<p>Die erste Einstufung \u00fcber das Kreiskabinett f\u00fcr Kulturarbeit folgte und<br \/>\nDirk Raupach und J\u00f6rg Heutling (Trompete) waren dann die<\/p>\n<p>Disco &#8222;Happy-Station&#8220; mit einer (Grundstufe)<\/p>\n<p>zwei Sanyo und zwei JVC\u00a0 Kassettendecks, ein Mixer Marke Eigenbau der Firma Bethge aus MD<br \/>\nLicht und Ton &#8211; Eigenbau, Mic. Shure SM 58, das es sogar heute noch gibt,<br \/>\nwaren die Standardausr\u00fcstung zum Muggen !<br \/>\ntransportiert wurde das Equipment mit Trabant und Anh\u00e4nger.<br \/>\nSp\u00e4ter dann mit einem LADA 1500 s.<\/p>\n<p>&nbsp;<\/p>\n<p>Zwei Jahre sp\u00e4ter dann endlich die &#8222;Mittelstufe&#8220; und los ging es in die Club&#8217;s der Stadt Magdeburg.<br \/>\nIn Club&#8217;s wie, Das wei\u00dfe Haus,<br \/>\nEx-Libris, Neust\u00e4tter Feld, Klosterwuhne, Alexis Kiwi, Bolte und Kika um einige zu nennen,<br \/>\nNach dem Mauerfall war dann Schluss mit Disco Happy-Station.<\/p>\n<p>Es gab neue M\u00f6glichkeiten Disko&#8217;s zu bauen.<\/p>\n<p>Spezial Thanks to Andi Dehne<br \/>\nSpezial Thanks to BECKER-AKUSTIK, Dipl.Ing. Andreas Becker.<\/p>\n<p>1989 Beginn im Haldensleber VCV-Volkspark als Resident<\/p>\n<p>1992-1995 NANU-Salzgitter Resident<\/p>\n<p>1996 Ginetti Parque Haldensleben<\/p>\n<p>1999 M-Diskothek Haldensleben<\/p>\n<p>1999 Party&#8217;s mit Dr. Sommer u. Onkel Dittmayer<\/p>\n<p>1999 Co Dj der Pop und Chaos Tour von Sputnik mit Siggi Pop u. Dr.Kaos<\/p>\n<p>2000 &#8211; 2019 Resident Seal Haldensleben<\/p>\n<p>2000\/2001\/2002\/2003\/2004 Tour-Dj bei Jump auf Tour, Deutschlands bester Radio Show am Samstag Abend<\/p>\n<p>2004 Jump auf Tour in Afghanistan<\/p>\n<p>2006 Musikforum in Ufa (Republik Ba\u0161kordostan) Russland<\/p>\n<p>2007 89,0 RTL On Tour<\/p>\n<p>2008 Markt1 Leipzig Resident<\/p>\n<p>2009 Cave-Club Leipzig<\/p>\n<p>2007 &#8211; 2013 Blade &amp; Biker Night<\/p>\n<p>2013 &#8211; 2016 After Business, Haldenslebener Roland<\/p>\n<p>2014 &#8211; Meet Friend&#8217;s for Friend&#8217;s Party, Scandic Hotel Hamburg<\/p>\n<p>2015 &#8211; Meet Friend&#8217;s for Friend&#8217;s Party, Scandic Hotel Hamburg<\/p>\n<p>2016 &#8211; Meet Friend&#8217;s for Friend&#8217;s Party, Scandic Hotel Hamburg<\/p>\n<p>2017 &#8211; Meet Friend&#8217;s for Friend&#8217;s Party, Scandic Hotel Hamburg<\/p>\n<p>2018 &#8211; Meet Friend&#8217;s for Friend&#8217;s Party, Scandic Hotel Hamburg<\/p>\n<p>2016 &#8211; Gro\u00dfe \u00dc30 Party, Fichte Magdeburg<\/p>\n<p>ab 2016 After Business, Wolmirstedt, Bootshaus Elbeu<\/p>\n<p>2017 Die Gro\u00dfe \u00dc30 im Amo Magdeburg<\/p>\n<p>2018 Die Gro\u00dfe \u00dc30 im Amo Magdeburg<\/p>\n<p>2018 \u00dc30 im Ohrelandhalle Haldensleben<\/p>\n<p>2018 Meisterfeier und Aufstieg des 1.FC M;agdeburg in die 2.Bundesliega<\/p>\n<p>2019 Die Gro\u00dfe \u00dc30 im Amo Magdeburg<\/p>\n<p>2019 Dj bei Plaza Events<\/p>\n<p>2020 Covid 19 bedingt keine Feiern und keine Party&#8217;s<\/p>\n<p>Dj f\u00fcr Ihre private Feier, Hochzeit, Geburtstag, Event&#8217;s und Firmenfeiern.<\/p>\n","protected":false},"excerpt":{"rendered":"<p>Ich bin Dirk Raupach aus Haldensleben. Die ersten Schuldisco&#8217;s im Rahmen von Klassenfeiern durfte ich bespielen, so fing alles an. Danach der Einstieg bei der Disco &#8222;Rubin&#8220; u. &#8222;Musicboutique&#8220;als Springer und Aushilfe. Die erste Einstufung \u00fcber das Kreiskabinett f\u00fcr Kulturarbeit folgte und Dirk Raupach und J\u00f6rg Heutling (Trompete) waren dann die Disco &#8222;Happy-Station&#8220; mit einer (Grundstufe) zwei Sanyo und zwei JVC\u00a0 Kassettendecks, ein Mixer Marke Eigenbau der Firma Bethge aus MD Licht und Ton &#8211; Eigenbau, Mic. Shure SM 58, das es sogar heute noch gibt, waren die Standardausr\u00fcstung zum Muggen ! transportiert wurde das Equipment mit Trabant und Anh\u00e4nger. Sp\u00e4ter dann mit einem LADA 1500 s. &nbsp; Zwei Jahre sp\u00e4ter dann endlich die &#8222;Mittelstufe&#8220; und los ging es in die Club&#8217;s der Stadt Magdeburg. In Club&#8217;s wie, Das wei\u00dfe Haus, Ex-Libris, Neust\u00e4tter Feld, Klosterwuhne, Alexis Kiwi, Bolte und Kika um einige zu nennen, Nach dem Mauerfall war dann Schluss mit Disco Happy-Station. Es gab neue M\u00f6glichkeiten Disko&#8217;s zu bauen. Spezial Thanks to Andi Dehne Spezial Thanks to BECKER-AKUSTIK, Dipl.Ing. Andreas Becker. 1989 Beginn im Haldensleber VCV-Volkspark als Resident 1992-1995 NANU-Salzgitter Resident 1996 Ginetti Parque Haldensleben 1999 M-Diskothek Haldensleben 1999 Party&#8217;s mit Dr. Sommer u. Onkel Dittmayer 1999 Co Dj der Pop und Chaos Tour von Sputnik mit Siggi Pop u. Dr.Kaos 2000 &#8211; 2019 Resident Seal Haldensleben 2000\/2001\/2002\/2003\/2004 Tour-Dj bei Jump auf Tour, Deutschlands bester Radio Show am Samstag Abend 2004 Jump auf Tour in Afghanistan 2006 Musikforum in Ufa (Republik Ba\u0161kordostan) Russland 2007 89,0 RTL On Tour 2008 Markt1 Leipzig Resident 2009 Cave-Club Leipzig 2007 &#8211; 2013 Blade &amp; Biker Night 2013 &#8211; 2016 After Business, Haldenslebener Roland 2014 &#8211; Meet Friend&#8217;s for Friend&#8217;s Party, Scandic Hotel Hamburg 2015 &#8211; Meet Friend&#8217;s for Friend&#8217;s Party, Scandic Hotel Hamburg 2016 &#8211; Meet Friend&#8217;s for Friend&#8217;s Party, Scandic Hotel Hamburg 2017 &#8211; Meet Friend&#8217;s for Friend&#8217;s Party, Scandic Hotel Hamburg 2018 &#8211; Meet Friend&#8217;s for Friend&#8217;s Party, Scandic Hotel Hamburg 2016 &#8211; Gro\u00dfe \u00dc30 Party, Fichte Magdeburg ab 2016 After Business, Wolmirstedt, Bootshaus Elbeu 2017 Die Gro\u00dfe \u00dc30 im Amo Magdeburg 2018 Die Gro\u00dfe \u00dc30 im Amo Magdeburg 2018 \u00dc30 im Ohrelandhalle Haldensleben 2018 Meisterfeier und Aufstieg des 1.FC M;agdeburg in die 2.Bundesliega 2019 Die Gro\u00dfe \u00dc30 im Amo Magdeburg 2019 Dj bei Plaza Events 2020 Covid 19 bedingt keine Feiern und keine Party&#8217;s Dj f\u00fcr Ihre private Feier, Hochzeit, Geburtstag, Event&#8217;s und Firmenfeiern.<\/p>\n","protected":false},"author":1,"featured_media":0,"parent":0,"menu_order":0,"comment_status":"closed","ping_status":"closed","template":"","meta":{"footnotes":""},"_links":{"self":[{"href":"https:\/\/www.dj-raupi.de\/index.php?rest_route=\/wp\/v2\/pages\/676"}],"collection":[{"href":"https:\/\/www.dj-raupi.de\/index.php?rest_route=\/wp\/v2\/pages"}],"about":[{"href":"https:\/\/www.dj-raupi.de\/index.php?rest_route=\/wp\/v2\/types\/page"}],"author":[{"embeddable":true,"href":"https:\/\/www.dj-raupi.de\/index.php?rest_route=\/wp\/v2\/users\/1"}],"replies":[{"embeddable":true,"href":"https:\/\/www.dj-raupi.de\/index.php?rest_route=%2Fwp%2Fv2%2Fcomments&post=676"}],"version-history":[{"count":13,"href":"https:\/\/www.dj-raupi.de\/index.php?rest_route=\/wp\/v2\/pages\/676\/revisions"}],"predecessor-version":[{"id":1309,"href":"https:\/\/www.dj-raupi.de\/index.php?rest_route=\/wp\/v2\/pages\/676\/revisions\/1309"}],"wp:attachment":[{"href":"https:\/\/www.dj-raupi.de\/index.php?rest_route=%2Fwp%2Fv2%2Fmedia&parent=676"}],"curies":[{"name":"wp","href":"https:\/\/api.w.org\/{rel}","templated":true}]}}