{"id":782,"date":"2018-02-08T22:02:26","date_gmt":"2018-02-08T22:02:26","guid":{"rendered":"http:\/\/dj-raupi.de\/?page_id=782"},"modified":"2018-02-08T22:04:04","modified_gmt":"2018-02-08T22:04:04","slug":"ausgefallene-werbe-ideen","status":"publish","type":"page","link":"https:\/\/www.dj-raupi.de\/?page_id=782","title":{"rendered":"ausgefallene Werbe-Ideen"},"content":{"rendered":"<p>Sie suchen extravagante und spezielle Werbeideen f\u00fcr Ihre Party ?<\/p>\n<p>Dann lassen Sie sich hier in einem pers\u00f6nlichen Gespr\u00e4ch beraten.<\/p>\n<p><a href=\"https:\/\/www.nortom-graphics.com\"><img loading=\"lazy\" decoding=\"async\" class=\"wp-image-783 alignleft\" src=\"http:\/\/dj-raupi.de\/wp-content\/uploads\/2018\/02\/Anzeige-Kulturkalender-970x1024.jpg\" alt=\"\" width=\"425\" height=\"449\" srcset=\"https:\/\/www.dj-raupi.de\/wp-content\/uploads\/2018\/02\/Anzeige-Kulturkalender-970x1024.jpg 970w, https:\/\/www.dj-raupi.de\/wp-content\/uploads\/2018\/02\/Anzeige-Kulturkalender-284x300.jpg 284w, https:\/\/www.dj-raupi.de\/wp-content\/uploads\/2018\/02\/Anzeige-Kulturkalender-768x811.jpg 768w, https:\/\/www.dj-raupi.de\/wp-content\/uploads\/2018\/02\/Anzeige-Kulturkalender.jpg 1063w\" sizes=\"(max-width: 425px) 100vw, 425px\" \/><\/a><\/p>\n","protected":false},"excerpt":{"rendered":"<p>Sie suchen extravagante und spezielle Werbeideen f\u00fcr Ihre Party ? Dann lassen Sie sich hier in einem pers\u00f6nlichen Gespr\u00e4ch beraten.<\/p>\n","protected":false},"author":1,"featured_media":0,"parent":0,"menu_order":0,"comment_status":"closed","ping_status":"closed","template":"","meta":{"footnotes":""},"_links":{"self":[{"href":"https:\/\/www.dj-raupi.de\/index.php?rest_route=\/wp\/v2\/pages\/782"}],"collection":[{"href":"https:\/\/www.dj-raupi.de\/index.php?rest_route=\/wp\/v2\/pages"}],"about":[{"href":"https:\/\/www.dj-raupi.de\/index.php?rest_route=\/wp\/v2\/types\/page"}],"author":[{"embeddable":true,"href":"https:\/\/www.dj-raupi.de\/index.php?rest_route=\/wp\/v2\/users\/1"}],"replies":[{"embeddable":true,"href":"https:\/\/www.dj-raupi.de\/index.php?rest_route=%2Fwp%2Fv2%2Fcomments&post=782"}],"version-history":[{"count":4,"href":"https:\/\/www.dj-raupi.de\/index.php?rest_route=\/wp\/v2\/pages\/782\/revisions"}],"predecessor-version":[{"id":788,"href":"https:\/\/www.dj-raupi.de\/index.php?rest_route=\/wp\/v2\/pages\/782\/revisions\/788"}],"wp:attachment":[{"href":"https:\/\/www.dj-raupi.de\/index.php?rest_route=%2Fwp%2Fv2%2Fmedia&parent=782"}],"curies":[{"name":"wp","href":"https:\/\/api.w.org\/{rel}","templated":true}]}}